{"id":88,"date":"2025-01-28T10:15:20","date_gmt":"2025-01-28T10:15:20","guid":{"rendered":"https:\/\/hernandezdetejada10b.com\/?page_id=88"},"modified":"2025-03-18T18:38:01","modified_gmt":"2025-03-18T18:38:01","slug":"inicio","status":"publish","type":"page","link":"https:\/\/hernandezdetejada10b.com\/","title":{"rendered":"Inicio"},"content":{"rendered":"\t\t<div data-elementor-type=\"wp-page\" data-elementor-id=\"88\" class=\"elementor elementor-88\" data-elementor-post-type=\"page\">\n\t\t\t\t<div class=\"elementor-element elementor-element-41c5bf5 e-flex e-con-boxed e-con e-parent\" data-id=\"41c5bf5\" data-element_type=\"container\" data-settings=\"{&quot;background_background&quot;:&quot;video&quot;,&quot;background_video_link&quot;:&quot;https:\\\/\\\/vimeo.com\\\/1053476169?share=copy#t=0&quot;,&quot;background_play_on_mobile&quot;:&quot;yes&quot;}\">\n\t\t\t\t\t<div class=\"e-con-inner\">\n\t\t<div class=\"elementor-background-video-container\">\n\t\t\t\t\t\t\t<div class=\"elementor-background-video-embed\"><\/div>\n\t\t\t\t\t\t<\/div>\t\t\t<\/div>\n\t\t\t\t<\/div>\n\t\t<div class=\"elementor-element elementor-element-a58053c e-flex e-con-boxed e-con e-parent\" data-id=\"a58053c\" data-element_type=\"container\" data-settings=\"{&quot;background_background&quot;:&quot;classic&quot;}\">\n\t\t\t\t\t<div class=\"e-con-inner\">\n\t\t<div class=\"elementor-element elementor-element-9c84c26 e-con-full e-flex e-con e-child\" data-id=\"9c84c26\" data-element_type=\"container\">\n\t\t\t\t<div class=\"elementor-element elementor-element-d9adb19 elementor-widget__width-initial elementor-widget-mobile__width-initial elementor-widget elementor-widget-heading\" data-id=\"d9adb19\" data-element_type=\"widget\" data-widget_type=\"heading.default\">\n\t\t\t\t<div class=\"elementor-widget-container\">\n\t\t\t\t\t<h2 class=\"elementor-heading-title elementor-size-default\">Bienvenidos\na Hern\u00e1ndez \nde Tejada 10<\/h2>\t\t\t\t<\/div>\n\t\t\t\t<\/div>\n\t\t\t\t<\/div>\n\t\t<div class=\"elementor-element elementor-element-2dc4e37 e-con-full e-flex e-con e-child\" data-id=\"2dc4e37\" data-element_type=\"container\">\n\t\t\t\t<div class=\"elementor-element elementor-element-8e11e65 elementor-widget__width-initial elementor-widget-mobile__width-initial elementor-widget elementor-widget-text-editor\" data-id=\"8e11e65\" data-element_type=\"widget\" data-widget_type=\"text-editor.default\">\n\t\t\t\t<div class=\"elementor-widget-container\">\n\t\t\t\t\t\t\t\t\t<p>Un singular proyecto residencial creado para quienes buscan algo m\u00e1s que una vivienda; un estilo de vida \u00fanico.<\/p><p>Cada espacio ha sido dise\u00f1ado por y para las personas maximizando la comodidad y el bienestar, con la gran comodidad de tener el cuarto de ba\u00f1o en suite en el dormitorio principal con las m\u00e1ximas calidades.<\/p><p>Cuenta con amplias zonas de estar conectadas a cocinas de dise\u00f1o, terrazas que abren el horizonte de Arturo Soria, dormitorios con gran entrada de luz natural y, opciones de bajos con jard\u00edn privado y \u00e1ticos con terraza. Adem\u00e1s, cada vivienda cuenta con plaza de garaje y trastero.<\/p><p>La experiencia no termina dentro de la vivienda. Hern\u00e1ndez de Tejada 10 ofrece zonas comunes pensadas para el descanso y la privacidad con el objetivo de hacerlo un enclave \u00fanico: \u00e1reas ajardinadas que invitan a desconectar y una terraza com\u00fan con piscina y sol\u00e1rium.<\/p>\t\t\t\t\t\t\t\t<\/div>\n\t\t\t\t<\/div>\n\t\t\t\t<\/div>\n\t\t<div class=\"elementor-element elementor-element-59b5da5 e-con-full e-flex e-con e-child\" data-id=\"59b5da5\" data-element_type=\"container\">\n\t\t\t\t<div class=\"elementor-element elementor-element-161807e elementor-widget__width-initial elementor-widget-mobile__width-initial elementor-position-top elementor-invisible elementor-widget elementor-widget-image-box\" data-id=\"161807e\" data-element_type=\"widget\" data-settings=\"{&quot;_animation&quot;:&quot;fadeIn&quot;}\" data-widget_type=\"image-box.default\">\n\t\t\t\t<div class=\"elementor-widget-container\">\n\t\t\t\t\t<div class=\"elementor-image-box-wrapper\"><figure class=\"elementor-image-box-img\"><img fetchpriority=\"high\" decoding=\"async\" width=\"228\" height=\"228\" src=\"https:\/\/hernandezdetejada10b.com\/wp-content\/uploads\/2025\/01\/1.png\" class=\"elementor-animation-grow attachment-full size-full wp-image-93\" alt=\"\" srcset=\"https:\/\/hernandezdetejada10b.com\/wp-content\/uploads\/2025\/01\/1.png 228w, https:\/\/hernandezdetejada10b.com\/wp-content\/uploads\/2025\/01\/1-150x150.png 150w\" sizes=\"(max-width: 228px) 100vw, 228px\" \/><\/figure><div class=\"elementor-image-box-content\"><h3 class=\"elementor-image-box-title\">12 viviendas<\/h3><\/div><\/div>\t\t\t\t<\/div>\n\t\t\t\t<\/div>\n\t\t\t\t<div class=\"elementor-element elementor-element-c8ed931 elementor-widget__width-initial elementor-widget-mobile__width-initial elementor-position-top elementor-invisible elementor-widget elementor-widget-image-box\" data-id=\"c8ed931\" data-element_type=\"widget\" data-settings=\"{&quot;_animation&quot;:&quot;fadeIn&quot;}\" data-widget_type=\"image-box.default\">\n\t\t\t\t<div class=\"elementor-widget-container\">\n\t\t\t\t\t<div class=\"elementor-image-box-wrapper\"><figure class=\"elementor-image-box-img\"><img decoding=\"async\" width=\"228\" height=\"228\" src=\"https:\/\/hernandezdetejada10b.com\/wp-content\/uploads\/2025\/01\/2.png\" class=\"elementor-animation-grow attachment-full size-full wp-image-94\" alt=\"\" srcset=\"https:\/\/hernandezdetejada10b.com\/wp-content\/uploads\/2025\/01\/2.png 228w, https:\/\/hernandezdetejada10b.com\/wp-content\/uploads\/2025\/01\/2-150x150.png 150w\" sizes=\"(max-width: 228px) 100vw, 228px\" \/><\/figure><div class=\"elementor-image-box-content\"><h3 class=\"elementor-image-box-title\">Planta baja + 4<\/h3><\/div><\/div>\t\t\t\t<\/div>\n\t\t\t\t<\/div>\n\t\t\t\t<div class=\"elementor-element elementor-element-a9e0ff0 elementor-widget__width-initial elementor-widget-mobile__width-initial elementor-position-top elementor-invisible elementor-widget elementor-widget-image-box\" data-id=\"a9e0ff0\" data-element_type=\"widget\" data-settings=\"{&quot;_animation&quot;:&quot;fadeIn&quot;}\" data-widget_type=\"image-box.default\">\n\t\t\t\t<div class=\"elementor-widget-container\">\n\t\t\t\t\t<div class=\"elementor-image-box-wrapper\"><figure class=\"elementor-image-box-img\"><img decoding=\"async\" width=\"228\" height=\"228\" src=\"https:\/\/hernandezdetejada10b.com\/wp-content\/uploads\/2025\/01\/3.png\" class=\"elementor-animation-grow attachment-full size-full wp-image-95\" alt=\"\" srcset=\"https:\/\/hernandezdetejada10b.com\/wp-content\/uploads\/2025\/01\/3.png 228w, https:\/\/hernandezdetejada10b.com\/wp-content\/uploads\/2025\/01\/3-150x150.png 150w\" sizes=\"(max-width: 228px) 100vw, 228px\" \/><\/figure><div class=\"elementor-image-box-content\"><h3 class=\"elementor-image-box-title\">Tipolog\u00edas <br>2 y 3 dormitorios<\/h3><\/div><\/div>\t\t\t\t<\/div>\n\t\t\t\t<\/div>\n\t\t\t\t<div class=\"elementor-element elementor-element-2c10a30 elementor-widget__width-initial elementor-widget-mobile__width-initial elementor-position-top elementor-invisible elementor-widget elementor-widget-image-box\" data-id=\"2c10a30\" data-element_type=\"widget\" data-settings=\"{&quot;_animation&quot;:&quot;fadeIn&quot;}\" data-widget_type=\"image-box.default\">\n\t\t\t\t<div class=\"elementor-widget-container\">\n\t\t\t\t\t<div class=\"elementor-image-box-wrapper\"><figure class=\"elementor-image-box-img\"><img loading=\"lazy\" decoding=\"async\" width=\"228\" height=\"228\" src=\"https:\/\/hernandezdetejada10b.com\/wp-content\/uploads\/2025\/01\/4.png\" class=\"elementor-animation-grow attachment-full size-full wp-image-96\" alt=\"\" srcset=\"https:\/\/hernandezdetejada10b.com\/wp-content\/uploads\/2025\/01\/4.png 228w, https:\/\/hernandezdetejada10b.com\/wp-content\/uploads\/2025\/01\/4-150x150.png 150w\" sizes=\"(max-width: 228px) 100vw, 228px\" \/><\/figure><div class=\"elementor-image-box-content\"><h3 class=\"elementor-image-box-title\">Bajos con jard\u00edn<\/h3><\/div><\/div>\t\t\t\t<\/div>\n\t\t\t\t<\/div>\n\t\t\t\t<div class=\"elementor-element elementor-element-0180131 elementor-widget__width-initial elementor-widget-mobile__width-initial elementor-position-top elementor-invisible elementor-widget elementor-widget-image-box\" data-id=\"0180131\" data-element_type=\"widget\" data-settings=\"{&quot;_animation&quot;:&quot;fadeIn&quot;}\" data-widget_type=\"image-box.default\">\n\t\t\t\t<div class=\"elementor-widget-container\">\n\t\t\t\t\t<div class=\"elementor-image-box-wrapper\"><figure class=\"elementor-image-box-img\"><img loading=\"lazy\" decoding=\"async\" width=\"228\" height=\"228\" src=\"https:\/\/hernandezdetejada10b.com\/wp-content\/uploads\/2025\/01\/5.png\" class=\"elementor-animation-grow attachment-full size-full wp-image-97\" alt=\"\" srcset=\"https:\/\/hernandezdetejada10b.com\/wp-content\/uploads\/2025\/01\/5.png 228w, https:\/\/hernandezdetejada10b.com\/wp-content\/uploads\/2025\/01\/5-150x150.png 150w\" sizes=\"(max-width: 228px) 100vw, 228px\" \/><\/figure><div class=\"elementor-image-box-content\"><h3 class=\"elementor-image-box-title\">\u00c1ticos con terraza<\/h3><\/div><\/div>\t\t\t\t<\/div>\n\t\t\t\t<\/div>\n\t\t\t\t<\/div>\n\t\t<div class=\"elementor-element elementor-element-9698dcc e-con-full e-flex e-con e-child\" data-id=\"9698dcc\" data-element_type=\"container\">\n\t\t\t\t<div class=\"elementor-element elementor-element-c2a470f elementor-widget__width-initial elementor-widget-mobile__width-initial elementor-position-top elementor-invisible elementor-widget elementor-widget-image-box\" data-id=\"c2a470f\" data-element_type=\"widget\" data-settings=\"{&quot;_animation&quot;:&quot;fadeIn&quot;}\" data-widget_type=\"image-box.default\">\n\t\t\t\t<div class=\"elementor-widget-container\">\n\t\t\t\t\t<div class=\"elementor-image-box-wrapper\"><figure class=\"elementor-image-box-img\"><img loading=\"lazy\" decoding=\"async\" width=\"228\" height=\"228\" src=\"https:\/\/hernandezdetejada10b.com\/wp-content\/uploads\/2025\/01\/6.png\" class=\"elementor-animation-grow attachment-full size-full wp-image-98\" alt=\"\" srcset=\"https:\/\/hernandezdetejada10b.com\/wp-content\/uploads\/2025\/01\/6.png 228w, https:\/\/hernandezdetejada10b.com\/wp-content\/uploads\/2025\/01\/6-150x150.png 150w\" sizes=\"(max-width: 228px) 100vw, 228px\" \/><\/figure><div class=\"elementor-image-box-content\"><h3 class=\"elementor-image-box-title\">Terraza com\u00fan <br> con l\u00e1mina de <br> agua y sol\u00e1rium<\/h3><\/div><\/div>\t\t\t\t<\/div>\n\t\t\t\t<\/div>\n\t\t\t\t<div class=\"elementor-element elementor-element-41025cc elementor-widget__width-initial elementor-widget-mobile__width-initial elementor-position-top elementor-invisible elementor-widget elementor-widget-image-box\" data-id=\"41025cc\" data-element_type=\"widget\" data-settings=\"{&quot;_animation&quot;:&quot;fadeIn&quot;}\" data-widget_type=\"image-box.default\">\n\t\t\t\t<div class=\"elementor-widget-container\">\n\t\t\t\t\t<div class=\"elementor-image-box-wrapper\"><figure class=\"elementor-image-box-img\"><img loading=\"lazy\" decoding=\"async\" width=\"228\" height=\"228\" src=\"https:\/\/hernandezdetejada10b.com\/wp-content\/uploads\/2025\/01\/7.png\" class=\"elementor-animation-grow attachment-full size-full wp-image-99\" alt=\"\" srcset=\"https:\/\/hernandezdetejada10b.com\/wp-content\/uploads\/2025\/01\/7.png 228w, https:\/\/hernandezdetejada10b.com\/wp-content\/uploads\/2025\/01\/7-150x150.png 150w\" sizes=\"(max-width: 228px) 100vw, 228px\" \/><\/figure><div class=\"elementor-image-box-content\"><h3 class=\"elementor-image-box-title\">Plaza de garaje <br> y trastero por vivienda<\/h3><\/div><\/div>\t\t\t\t<\/div>\n\t\t\t\t<\/div>\n\t\t\t\t<div class=\"elementor-element elementor-element-ff0edc3 elementor-widget__width-initial elementor-widget-mobile__width-initial elementor-position-top elementor-invisible elementor-widget elementor-widget-image-box\" data-id=\"ff0edc3\" data-element_type=\"widget\" data-settings=\"{&quot;_animation&quot;:&quot;fadeIn&quot;}\" data-widget_type=\"image-box.default\">\n\t\t\t\t<div class=\"elementor-widget-container\">\n\t\t\t\t\t<div class=\"elementor-image-box-wrapper\"><figure class=\"elementor-image-box-img\"><img loading=\"lazy\" decoding=\"async\" width=\"228\" height=\"228\" src=\"https:\/\/hernandezdetejada10b.com\/wp-content\/uploads\/2025\/01\/8.png\" class=\"elementor-animation-grow attachment-full size-full wp-image-100\" alt=\"\" srcset=\"https:\/\/hernandezdetejada10b.com\/wp-content\/uploads\/2025\/01\/8.png 228w, https:\/\/hernandezdetejada10b.com\/wp-content\/uploads\/2025\/01\/8-150x150.png 150w\" sizes=\"(max-width: 228px) 100vw, 228px\" \/><\/figure><div class=\"elementor-image-box-content\"><h3 class=\"elementor-image-box-title\">Vistas inmejorables <br> a Madrid<\/h3><\/div><\/div>\t\t\t\t<\/div>\n\t\t\t\t<\/div>\n\t\t\t\t<div class=\"elementor-element elementor-element-550ea61 elementor-widget__width-initial elementor-widget-mobile__width-initial elementor-position-top elementor-invisible elementor-widget elementor-widget-image-box\" data-id=\"550ea61\" data-element_type=\"widget\" data-settings=\"{&quot;_animation&quot;:&quot;fadeIn&quot;}\" data-widget_type=\"image-box.default\">\n\t\t\t\t<div class=\"elementor-widget-container\">\n\t\t\t\t\t<div class=\"elementor-image-box-wrapper\"><figure class=\"elementor-image-box-img\"><img loading=\"lazy\" decoding=\"async\" width=\"228\" height=\"228\" src=\"https:\/\/hernandezdetejada10b.com\/wp-content\/uploads\/2025\/01\/9.png\" class=\"elementor-animation-grow attachment-full size-full wp-image-101\" alt=\"\" srcset=\"https:\/\/hernandezdetejada10b.com\/wp-content\/uploads\/2025\/01\/9.png 228w, https:\/\/hernandezdetejada10b.com\/wp-content\/uploads\/2025\/01\/9-150x150.png 150w\" sizes=\"(max-width: 228px) 100vw, 228px\" \/><\/figure><div class=\"elementor-image-box-content\"><h3 class=\"elementor-image-box-title\">Parking de bicicletas<\/h3><\/div><\/div>\t\t\t\t<\/div>\n\t\t\t\t<\/div>\n\t\t\t\t<\/div>\n\t\t\t\t\t<\/div>\n\t\t\t\t<\/div>\n\t\t<div class=\"elementor-element elementor-element-db1e96d e-con-full e-flex e-con e-child\" data-id=\"db1e96d\" data-element_type=\"container\">\n\t\t\t\t<div class=\"elementor-element elementor-element-057807c elementor-widget__width-initial elementor-widget elementor-widget-heading\" data-id=\"057807c\" data-element_type=\"widget\" data-widget_type=\"heading.default\">\n\t\t\t\t<div class=\"elementor-widget-container\">\n\t\t\t\t\t<h2 class=\"elementor-heading-title elementor-size-default\">Un proyecto \nde gran \nsingularidad \narquitect\u00f3nica<\/h2>\t\t\t\t<\/div>\n\t\t\t\t<\/div>\n\t\t\t\t<div class=\"elementor-element elementor-element-ce9df52 elementor-arrows-position-outside elementor--h-position-center elementor--v-position-middle elementor-pagination-position-inside elementor-widget elementor-widget-slides\" data-id=\"ce9df52\" data-element_type=\"widget\" data-settings=\"{&quot;navigation&quot;:&quot;both&quot;,&quot;autoplay&quot;:&quot;yes&quot;,&quot;autoplay_speed&quot;:5000,&quot;infinite&quot;:&quot;yes&quot;,&quot;transition&quot;:&quot;slide&quot;,&quot;transition_speed&quot;:500}\" data-widget_type=\"slides.default\">\n\t\t\t\t<div class=\"elementor-widget-container\">\n\t\t\t\t\t\t\t\t\t<div class=\"elementor-swiper\">\n\t\t\t\t\t<div class=\"elementor-slides-wrapper elementor-main-swiper swiper\" role=\"region\" aria-roledescription=\"carousel\" aria-label=\"Diapositivas\" dir=\"ltr\" data-animation=\"fadeInUp\">\n\t\t\t\t<div class=\"swiper-wrapper elementor-slides\">\n\t\t\t\t\t\t\t\t\t\t<div class=\"elementor-repeater-item-33c7cce swiper-slide\" role=\"group\" aria-roledescription=\"slide\"><div class=\"swiper-slide-bg\" role=\"img\"><\/div><div class=\"swiper-slide-inner\" ><div class=\"swiper-slide-contents\"><\/div><\/div><\/div><div class=\"elementor-repeater-item-166f99c swiper-slide\" role=\"group\" aria-roledescription=\"slide\"><div class=\"swiper-slide-bg\" role=\"img\"><\/div><div class=\"swiper-slide-inner\" ><div class=\"swiper-slide-contents\"><\/div><\/div><\/div><div class=\"elementor-repeater-item-b5feb11 swiper-slide\" role=\"group\" aria-roledescription=\"slide\"><div class=\"swiper-slide-bg\" role=\"img\"><\/div><div class=\"swiper-slide-inner\" ><div class=\"swiper-slide-contents\"><\/div><\/div><\/div>\t\t\t\t<\/div>\n\t\t\t\t\t\t\t\t\t\t\t\t\t\t\t<div class=\"elementor-swiper-button elementor-swiper-button-prev\" role=\"button\" tabindex=\"0\" aria-label=\"Diapositiva anterior\">\n\t\t\t\t\t\t\t<svg aria-hidden=\"true\" class=\"e-font-icon-svg e-eicon-chevron-left\" viewBox=\"0 0 1000 1000\" xmlns=\"http:\/\/www.w3.org\/2000\/svg\"><path d=\"M646 125C629 125 613 133 604 142L308 442C296 454 292 471 292 487 292 504 296 521 308 533L604 854C617 867 629 875 646 875 663 875 679 871 692 858 704 846 713 829 713 812 713 796 708 779 692 767L438 487 692 225C700 217 708 204 708 187 708 171 704 154 692 142 675 129 663 125 646 125Z\"><\/path><\/svg>\t\t\t\t\t\t<\/div>\n\t\t\t\t\t\t<div class=\"elementor-swiper-button elementor-swiper-button-next\" role=\"button\" tabindex=\"0\" aria-label=\"Diapositiva siguiente\">\n\t\t\t\t\t\t\t<svg aria-hidden=\"true\" class=\"e-font-icon-svg e-eicon-chevron-right\" viewBox=\"0 0 1000 1000\" xmlns=\"http:\/\/www.w3.org\/2000\/svg\"><path d=\"M696 533C708 521 713 504 713 487 713 471 708 454 696 446L400 146C388 133 375 125 354 125 338 125 325 129 313 142 300 154 292 171 292 187 292 204 296 221 308 233L563 492 304 771C292 783 288 800 288 817 288 833 296 850 308 863 321 871 338 875 354 875 371 875 388 867 400 854L696 533Z\"><\/path><\/svg>\t\t\t\t\t\t<\/div>\n\t\t\t\t\t\t\t\t\t\t\t\t\t\t\t\t<div class=\"swiper-pagination\"><\/div>\n\t\t\t\t\t\t\t\t\t\t\t\t<\/div>\n\t\t\t\t<\/div>\n\t\t\t\t\t\t\t\t<\/div>\n\t\t\t\t<\/div>\n\t\t\t\t<\/div>\n\t\t<div class=\"elementor-element elementor-element-81d34b2 e-flex e-con-boxed e-con e-parent\" data-id=\"81d34b2\" data-element_type=\"container\">\n\t\t\t\t\t<div class=\"e-con-inner\">\n\t\t\t\t<div class=\"elementor-element elementor-element-312a745 elementor-widget__width-initial elementor-widget elementor-widget-heading\" data-id=\"312a745\" data-element_type=\"widget\" data-widget_type=\"heading.default\">\n\t\t\t\t<div class=\"elementor-widget-container\">\n\t\t\t\t\t<h2 class=\"elementor-heading-title elementor-size-default\">Acabados interiores Porcelanosa<\/h2>\t\t\t\t<\/div>\n\t\t\t\t<\/div>\n\t\t\t\t<div class=\"elementor-element elementor-element-58c3f20 elementor-align-center elementor-widget__width-initial elementor-widget-mobile__width-initial elementor-widget elementor-widget-button\" data-id=\"58c3f20\" data-element_type=\"widget\" data-widget_type=\"button.default\">\n\t\t\t\t<div class=\"elementor-widget-container\">\n\t\t\t\t\t\t\t\t\t<div class=\"elementor-button-wrapper\">\n\t\t\t\t\t<a class=\"elementor-button elementor-button-link elementor-size-sm elementor-animation-grow\" href=\"https:\/\/hernandeztejada.porcelanosapartners.com\/\" target=\"_blank\">\n\t\t\t\t\t\t<span class=\"elementor-button-content-wrapper\">\n\t\t\t\t\t\t\t\t\t<span class=\"elementor-button-text\">VER<\/span>\n\t\t\t\t\t<\/span>\n\t\t\t\t\t<\/a>\n\t\t\t\t<\/div>\n\t\t\t\t\t\t\t\t<\/div>\n\t\t\t\t<\/div>\n\t\t\t\t\t<\/div>\n\t\t\t\t<\/div>\n\t\t\t\t<\/div>\n\t\t","protected":false},"excerpt":{"rendered":"<p>Bienvenidos a Hern\u00e1ndez de Tejada 10 Un singular proyecto residencial creado para quienes buscan algo m\u00e1s que una vivienda; un [&hellip;]<\/p>\n","protected":false},"author":1,"featured_media":0,"parent":0,"menu_order":0,"comment_status":"closed","ping_status":"closed","template":"","meta":{"inline_featured_image":false,"site-sidebar-layout":"no-sidebar","site-content-layout":"","ast-site-content-layout":"full-width-container","site-content-style":"default","site-sidebar-style":"default","ast-global-header-display":"","ast-banner-title-visibility":"","ast-main-header-display":"","ast-hfb-above-header-display":"","ast-hfb-below-header-display":"","ast-hfb-mobile-header-display":"","site-post-title":"disabled","ast-breadcrumbs-content":"","ast-featured-img":"disabled","footer-sml-layout":"","theme-transparent-header-meta":"","adv-header-id-meta":"","stick-header-meta":"","header-above-stick-meta":"","header-main-stick-meta":"","header-below-stick-meta":"","astra-migrate-meta-layouts":"default","ast-page-background-enabled":"default","ast-page-background-meta":{"desktop":{"background-color":"var(--ast-global-color-4)","background-image":"","background-repeat":"repeat","background-position":"center center","background-size":"auto","background-attachment":"scroll","background-type":"","background-media":"","overlay-type":"","overlay-color":"","overlay-opacity":"","overlay-gradient":""},"tablet":{"background-color":"","background-image":"","background-repeat":"repeat","background-position":"center center","background-size":"auto","background-attachment":"scroll","background-type":"","background-media":"","overlay-type":"","overlay-color":"","overlay-opacity":"","overlay-gradient":""},"mobile":{"background-color":"","background-image":"","background-repeat":"repeat","background-position":"center center","background-size":"auto","background-attachment":"scroll","background-type":"","background-media":"","overlay-type":"","overlay-color":"","overlay-opacity":"","overlay-gradient":""}},"ast-content-background-meta":{"desktop":{"background-color":"var(--ast-global-color-5)","background-image":"","background-repeat":"repeat","background-position":"center center","background-size":"auto","background-attachment":"scroll","background-type":"","background-media":"","overlay-type":"","overlay-color":"","overlay-opacity":"","overlay-gradient":""},"tablet":{"background-color":"var(--ast-global-color-5)","background-image":"","background-repeat":"repeat","background-position":"center center","background-size":"auto","background-attachment":"scroll","background-type":"","background-media":"","overlay-type":"","overlay-color":"","overlay-opacity":"","overlay-gradient":""},"mobile":{"background-color":"var(--ast-global-color-5)","background-image":"","background-repeat":"repeat","background-position":"center center","background-size":"auto","background-attachment":"scroll","background-type":"","background-media":"","overlay-type":"","overlay-color":"","overlay-opacity":"","overlay-gradient":""}},"footnotes":""},"class_list":["post-88","page","type-page","status-publish","hentry"],"_links":{"self":[{"href":"https:\/\/hernandezdetejada10b.com\/index.php\/wp-json\/wp\/v2\/pages\/88","targetHints":{"allow":["GET"]}}],"collection":[{"href":"https:\/\/hernandezdetejada10b.com\/index.php\/wp-json\/wp\/v2\/pages"}],"about":[{"href":"https:\/\/hernandezdetejada10b.com\/index.php\/wp-json\/wp\/v2\/types\/page"}],"author":[{"embeddable":true,"href":"https:\/\/hernandezdetejada10b.com\/index.php\/wp-json\/wp\/v2\/users\/1"}],"replies":[{"embeddable":true,"href":"https:\/\/hernandezdetejada10b.com\/index.php\/wp-json\/wp\/v2\/comments?post=88"}],"version-history":[{"count":55,"href":"https:\/\/hernandezdetejada10b.com\/index.php\/wp-json\/wp\/v2\/pages\/88\/revisions"}],"predecessor-version":[{"id":409,"href":"https:\/\/hernandezdetejada10b.com\/index.php\/wp-json\/wp\/v2\/pages\/88\/revisions\/409"}],"wp:attachment":[{"href":"https:\/\/hernandezdetejada10b.com\/index.php\/wp-json\/wp\/v2\/media?parent=88"}],"curies":[{"name":"wp","href":"https:\/\/api.w.org\/{rel}","templated":true}]}}