{"id":118,"date":"2025-01-28T12:00:55","date_gmt":"2025-01-28T12:00:55","guid":{"rendered":"https:\/\/hernandezdetejada10b.com\/?page_id=118"},"modified":"2025-02-06T09:27:40","modified_gmt":"2025-02-06T09:27:40","slug":"ubicacion","status":"publish","type":"page","link":"https:\/\/hernandezdetejada10b.com\/index.php\/ubicacion\/","title":{"rendered":"Ubicaci\u00f3n"},"content":{"rendered":"\t\t<div data-elementor-type=\"wp-page\" data-elementor-id=\"118\" class=\"elementor elementor-118\" data-elementor-post-type=\"page\">\n\t\t\t\t<div class=\"elementor-element elementor-element-50f947b e-flex e-con-boxed e-con e-parent\" data-id=\"50f947b\" data-element_type=\"container\" data-settings=\"{&quot;background_background&quot;:&quot;slideshow&quot;,&quot;background_slideshow_gallery&quot;:[{&quot;id&quot;:120,&quot;url&quot;:&quot;https:\\\/\\\/hernandezdetejada10b.com\\\/wp-content\\\/uploads\\\/2025\\\/01\\\/mapa-1.jpg&quot;},{&quot;id&quot;:121,&quot;url&quot;:&quot;https:\\\/\\\/hernandezdetejada10b.com\\\/wp-content\\\/uploads\\\/2025\\\/01\\\/mapa-2.jpg&quot;}],&quot;background_slideshow_ken_burns&quot;:&quot;yes&quot;,&quot;background_slideshow_loop&quot;:&quot;yes&quot;,&quot;background_slideshow_slide_duration&quot;:5000,&quot;background_slideshow_slide_transition&quot;:&quot;fade&quot;,&quot;background_slideshow_transition_duration&quot;:500,&quot;background_slideshow_ken_burns_zoom_direction&quot;:&quot;in&quot;}\">\n\t\t\t\t\t<div class=\"e-con-inner\">\n\t\t\t\t\t<\/div>\n\t\t\t\t<\/div>\n\t\t<div class=\"elementor-element elementor-element-166eb2a e-flex e-con-boxed e-con e-parent\" data-id=\"166eb2a\" data-element_type=\"container\">\n\t\t\t\t\t<div class=\"e-con-inner\">\n\t\t<div class=\"elementor-element elementor-element-3a055a3 e-con-full e-flex e-con e-child\" data-id=\"3a055a3\" data-element_type=\"container\">\n\t\t\t\t<div class=\"elementor-element elementor-element-73e96da elementor-widget__width-initial elementor-widget elementor-widget-heading\" data-id=\"73e96da\" data-element_type=\"widget\" data-widget_type=\"heading.default\">\n\t\t\t\t<div class=\"elementor-widget-container\">\n\t\t\t\t\t<h2 class=\"elementor-heading-title elementor-size-default\">Arturo Soria, el norte de Madrid m\u00e1s exclusivo.<\/h2>\t\t\t\t<\/div>\n\t\t\t\t<\/div>\n\t\t\t\t<div class=\"elementor-element elementor-element-e407dcd elementor-widget__width-initial elementor-invisible elementor-widget elementor-widget-text-editor\" data-id=\"e407dcd\" data-element_type=\"widget\" data-settings=\"{&quot;_animation&quot;:&quot;fadeIn&quot;}\" data-widget_type=\"text-editor.default\">\n\t\t\t\t<div class=\"elementor-widget-container\">\n\t\t\t\t\t\t\t\t\t<p>Madrid es una ciudad \u00fanica con historia, cultura, negocios y una alta calidad de vida. Su ambiente acogedor y su variada oferta hacen de ella un lugar perfecto para vivir y disfrutar. Y m\u00e1s concretamente Arturo Soria, donde se sit\u00faa Hern\u00e1ndez de Tejada 10, se ha consolidado como una de las zonas residenciales m\u00e1s interesantes de la ciudad, ofreciendo una calidad de vida excepcional.<\/p><p>Su ubicaci\u00f3n estrat\u00e9gica, con excelentes conexiones al centro de la ciudad, unida a su ambiente tranquilo y familiar, lo convierten en un lugar ideal para vivir. Amplias avenidas arboladas, zonas verdes, una variada oferta de servicios y colegios de prestigio, hacen de Arturo Soria un barrio que combina la comodidad urbana con la tranquilidad de un entorno residencial.<\/p>\t\t\t\t\t\t\t\t<\/div>\n\t\t\t\t<\/div>\n\t\t\t\t<\/div>\n\t\t<div class=\"elementor-element elementor-element-54317ef e-con-full e-flex e-con e-child\" data-id=\"54317ef\" data-element_type=\"container\">\n\t\t<div class=\"elementor-element elementor-element-18ea2e1 e-con-full e-flex e-con e-child\" data-id=\"18ea2e1\" data-element_type=\"container\">\n\t\t<div class=\"elementor-element elementor-element-72bebab e-con-full e-flex elementor-invisible e-con e-child\" data-id=\"72bebab\" data-element_type=\"container\" data-settings=\"{&quot;background_background&quot;:&quot;classic&quot;,&quot;animation&quot;:&quot;fadeIn&quot;}\">\n\t\t\t\t<\/div>\n\t\t<div class=\"elementor-element elementor-element-6f3904c e-con-full e-flex elementor-invisible e-con e-child\" data-id=\"6f3904c\" data-element_type=\"container\" data-settings=\"{&quot;background_background&quot;:&quot;classic&quot;,&quot;animation&quot;:&quot;fadeInLeft&quot;,&quot;animation_mobile&quot;:&quot;fadeIn&quot;}\">\n\t\t\t\t<\/div>\n\t\t<div class=\"elementor-element elementor-element-5d91866 e-con-full e-flex elementor-invisible e-con e-child\" data-id=\"5d91866\" data-element_type=\"container\" data-settings=\"{&quot;background_background&quot;:&quot;classic&quot;,&quot;animation&quot;:&quot;fadeInUp&quot;,&quot;animation_mobile&quot;:&quot;fadeIn&quot;}\">\n\t\t\t\t<\/div>\n\t\t\t\t<\/div>\n\t\t\t\t<\/div>\n\t\t\t\t\t<\/div>\n\t\t\t\t<\/div>\n\t\t\t\t<\/div>\n\t\t","protected":false},"excerpt":{"rendered":"<p>Arturo Soria, el norte de Madrid m\u00e1s exclusivo. Madrid es una ciudad \u00fanica con historia, cultura, negocios y una alta [&hellip;]<\/p>\n","protected":false},"author":1,"featured_media":0,"parent":0,"menu_order":0,"comment_status":"closed","ping_status":"closed","template":"","meta":{"inline_featured_image":false,"site-sidebar-layout":"no-sidebar","site-content-layout":"","ast-site-content-layout":"full-width-container","site-content-style":"default","site-sidebar-style":"default","ast-global-header-display":"","ast-banner-title-visibility":"","ast-main-header-display":"","ast-hfb-above-header-display":"","ast-hfb-below-header-display":"","ast-hfb-mobile-header-display":"","site-post-title":"disabled","ast-breadcrumbs-content":"","ast-featured-img":"disabled","footer-sml-layout":"","theme-transparent-header-meta":"","adv-header-id-meta":"","stick-header-meta":"","header-above-stick-meta":"","header-main-stick-meta":"","header-below-stick-meta":"","astra-migrate-meta-layouts":"default","ast-page-background-enabled":"default","ast-page-background-meta":{"desktop":{"background-color":"var(--ast-global-color-4)","background-image":"","background-repeat":"repeat","background-position":"center center","background-size":"auto","background-attachment":"scroll","background-type":"","background-media":"","overlay-type":"","overlay-color":"","overlay-opacity":"","overlay-gradient":""},"tablet":{"background-color":"","background-image":"","background-repeat":"repeat","background-position":"center center","background-size":"auto","background-attachment":"scroll","background-type":"","background-media":"","overlay-type":"","overlay-color":"","overlay-opacity":"","overlay-gradient":""},"mobile":{"background-color":"","background-image":"","background-repeat":"repeat","background-position":"center center","background-size":"auto","background-attachment":"scroll","background-type":"","background-media":"","overlay-type":"","overlay-color":"","overlay-opacity":"","overlay-gradient":""}},"ast-content-background-meta":{"desktop":{"background-color":"var(--ast-global-color-5)","background-image":"","background-repeat":"repeat","background-position":"center center","background-size":"auto","background-attachment":"scroll","background-type":"","background-media":"","overlay-type":"","overlay-color":"","overlay-opacity":"","overlay-gradient":""},"tablet":{"background-color":"var(--ast-global-color-5)","background-image":"","background-repeat":"repeat","background-position":"center center","background-size":"auto","background-attachment":"scroll","background-type":"","background-media":"","overlay-type":"","overlay-color":"","overlay-opacity":"","overlay-gradient":""},"mobile":{"background-color":"var(--ast-global-color-5)","background-image":"","background-repeat":"repeat","background-position":"center center","background-size":"auto","background-attachment":"scroll","background-type":"","background-media":"","overlay-type":"","overlay-color":"","overlay-opacity":"","overlay-gradient":""}},"footnotes":""},"class_list":["post-118","page","type-page","status-publish","hentry"],"_links":{"self":[{"href":"https:\/\/hernandezdetejada10b.com\/index.php\/wp-json\/wp\/v2\/pages\/118","targetHints":{"allow":["GET"]}}],"collection":[{"href":"https:\/\/hernandezdetejada10b.com\/index.php\/wp-json\/wp\/v2\/pages"}],"about":[{"href":"https:\/\/hernandezdetejada10b.com\/index.php\/wp-json\/wp\/v2\/types\/page"}],"author":[{"embeddable":true,"href":"https:\/\/hernandezdetejada10b.com\/index.php\/wp-json\/wp\/v2\/users\/1"}],"replies":[{"embeddable":true,"href":"https:\/\/hernandezdetejada10b.com\/index.php\/wp-json\/wp\/v2\/comments?post=118"}],"version-history":[{"count":22,"href":"https:\/\/hernandezdetejada10b.com\/index.php\/wp-json\/wp\/v2\/pages\/118\/revisions"}],"predecessor-version":[{"id":287,"href":"https:\/\/hernandezdetejada10b.com\/index.php\/wp-json\/wp\/v2\/pages\/118\/revisions\/287"}],"wp:attachment":[{"href":"https:\/\/hernandezdetejada10b.com\/index.php\/wp-json\/wp\/v2\/media?parent=118"}],"curies":[{"name":"wp","href":"https:\/\/api.w.org\/{rel}","templated":true}]}}